{"id":1533,"date":"2024-05-24T16:43:11","date_gmt":"2024-05-24T14:43:11","guid":{"rendered":"http:\/\/testm.odfisca.lu\/?page_id=1533"},"modified":"2024-05-24T16:43:11","modified_gmt":"2024-05-24T14:43:11","slug":"declaration-fiscale","status":"publish","type":"page","link":"https:\/\/www.odfisca.lu\/index.php\/declaration-fiscale\/","title":{"rendered":"D\u00e9claration fiscale"},"content":{"rendered":"\n<p>L&rsquo;imp\u00f4t des personnes physiques pour les salari\u00e9s au Luxembourg, qu&rsquo;ils soient r\u00e9sidents ou non-r\u00e9sidents (frontaliers), reste encore trop souvent une notion peu claire.<\/p>\n\n\n\n<p>A quel moment faut-il effectuer une d\u00e9claration fiscale au Luxembourg, pourquoi faut-il le faire et surtout comment&nbsp;?<br>Beaucoup de choses sont \u00e0 faire au niveau des d\u00e9ductions fiscales dans le but de faire diminuer ses imp\u00f4ts, voire de r\u00e9cup\u00e9rer une partie des imp\u00f4ts retenus sur les salaires.<\/p>\n\n\n\n<p>ODFISCA vous propose de vous aider dans toutes ces d\u00e9marches, de r\u00e9pondre \u00e0 vos questions fiscales, de vous \u00e9tablir une simulation fiscale et de vous conseiller au niveau de votre optimisation fiscale.<\/p>\n\n\n\n<p>Pour certains travailleurs au Luxembourg il n\u2019est pas obligatoire de devoir remplir une d\u00e9claration fiscale annuelle.&nbsp;Cela d\u00e9pend d\u2019un certain nombre de param\u00e8tres.<\/p>\n\n\n\n<p>Certains travailleurs ne peuvent pas s\u2019y soustraire. A l&rsquo;oppos\u00e9, d\u2019autres peuvent choisir d\u2019en remplir une si celle-ci s\u2019av\u00e8re int\u00e9ressante.<\/p>\n\n\n\n<p>Mais dans quel cas la d\u00e9claration fiscale annuelle est-elle une obligation ?<\/p>\n\n\n\n<p>Les cas les plus fr\u00e9quents :<\/p>\n\n\n\n<ul class=\"wp-block-list\">\n<li>Le revenu imposable du contribuable au Luxembourg d\u00e9passe 100.000 \u20ac.<\/li>\n\n\n\n<li>Le contribuable, seul ou avec son conjoint, per\u00e7oit au Luxembourg plusieurs revenus ou salaires. Le total cumul\u00e9 de ces revenus imposables d\u00e9passe 36.000,00 \u20ac pour la classe 1 ou 2 et 30.000,00 \u20ac pour la classe 1a (en savoir plus sur les classes d&rsquo;imp\u00f4t).<\/li>\n\n\n\n<li>Le contribuable a per\u00e7u sur l\u2019exercice fiscal des revenus non passibles de retenue d\u2019imp\u00f4t \u00e0 la source pour plus de 600 \u20ac par an (exemple : revenu locatif).<\/li>\n\n\n\n<li>Le contribuable a per\u00e7u pour plus de 1.500 \u20ac de revenus de capitaux au Luxembourg.<\/li>\n<\/ul>\n\n\n\n<p>Dans certain cas, la d\u00e9claration fiscale permettra au contribuable de r\u00e9cup\u00e9rer une partie des imp\u00f4ts qui lui ont \u00e9t\u00e9 retenus \u00e0 la source sur le salaire.<\/p>\n\n\n\n<p>La d\u00e9claration peut \u00eatre int\u00e9ressante en fonction du montant de d\u00e9duction des d\u00e9penses sp\u00e9ciales ou charges suivantes :<\/p>\n\n\n\n<ul class=\"wp-block-list\">\n<li>Lorsque, en tant que salari\u00e9 contribuable au Luxembourg, les crit\u00e8res ci-dessus ne sont pas rencontr\u00e9s, il pourrait \u00eatre tr\u00e8s attractif financi\u00e8rement dans bon nombre de cas de remplir une d\u00e9claration fiscale annuelle, m\u00eame si cette derni\u00e8re n&rsquo;a pas un caract\u00e8re obligatoire.\n<ul class=\"wp-block-list\">\n<li>Les int\u00e9r\u00eats sur un emprunt immobilier ou encore sur un pr\u00eat \u00e0 la consommation<\/li>\n\n\n\n<li>Les charges provenant de frais de garde d\u2019enfants mais aussi de frais de domesticit\u00e9 ( agent d\u2019entretien \u00e0 domicile )<\/li>\n\n\n\n<li>Les d\u00e9ductions concernant les primes d\u2019assurance vie, de d\u00e9c\u00e8s ou d\u2019accident<\/li>\n\n\n\n<li>Un plan \u00e9pargne retraite (\u00e9pargne pr\u00e9voyance vieille), un plan \u00e9pargne logement ou jeunesse<\/li>\n\n\n\n<li>Toutes les d\u00e9ductions de primes d\u2019assurance Responsabilit\u00e9 Civile, v\u00e9hicule, habitation, famille ainsi que les compl\u00e9mentaires sant\u00e9<\/li>\n\n\n\n<li>La d\u00e9duction de rentes alimentaires \u00e0 la suite d\u2019un divorce ou d\u2019une s\u00e9paration<\/li>\n<\/ul>\n<\/li>\n<\/ul>\n\n\n\n<h3 class=\"wp-block-heading\">Attention<\/h3>\n\n\n\n<p>Dans le cas o\u00f9, le contribuable est cat\u00e9goris\u00e9 comme \u00e9tant en classe d\u2019imp\u00f4t 1A, monoparental (c\u00e9libataire, s\u00e9par\u00e9 ou divorc\u00e9 avec enfant(s) \u00e0 charge) la d\u00e9claration fiscale annuelle<br>sera d\u2019office attractive car il pourra r\u00e9cup\u00e9rer le montant du Cr\u00e9dit d\u2019Imp\u00f4t Monoparental. Soit l&rsquo;\u00e9quivalent de 750 \u20ac pour une ann\u00e9e compl\u00e8te.<\/p>\n\n\n\n<p>En savoir plus sur les cas o\u00f9 la d\u00e9claration fiscale est attractive ? N&rsquo;h\u00e9sitez pas \u00e0 nous contacter si vous souhaitez une \u00e9tude personnalis\u00e9e de votre situation.<\/p>\n","protected":false},"excerpt":{"rendered":"<p>L&rsquo;imp\u00f4t des personnes physiques pour les salari\u00e9s au Luxembourg, qu&rsquo;ils soient r\u00e9sidents ou non-r\u00e9sidents (frontaliers), reste encore trop souvent une notion peu claire. A quel moment faut-il effectuer une d\u00e9claration &#8230;<\/p>\n","protected":false},"author":1,"featured_media":0,"parent":0,"menu_order":0,"comment_status":"closed","ping_status":"closed","template":"","meta":{"footnotes":""},"class_list":["post-1533","page","type-page","status-publish","hentry"],"_links":{"self":[{"href":"https:\/\/www.odfisca.lu\/index.php\/wp-json\/wp\/v2\/pages\/1533","targetHints":{"allow":["GET"]}}],"collection":[{"href":"https:\/\/www.odfisca.lu\/index.php\/wp-json\/wp\/v2\/pages"}],"about":[{"href":"https:\/\/www.odfisca.lu\/index.php\/wp-json\/wp\/v2\/types\/page"}],"author":[{"embeddable":true,"href":"https:\/\/www.odfisca.lu\/index.php\/wp-json\/wp\/v2\/users\/1"}],"replies":[{"embeddable":true,"href":"https:\/\/www.odfisca.lu\/index.php\/wp-json\/wp\/v2\/comments?post=1533"}],"version-history":[{"count":1,"href":"https:\/\/www.odfisca.lu\/index.php\/wp-json\/wp\/v2\/pages\/1533\/revisions"}],"predecessor-version":[{"id":1534,"href":"https:\/\/www.odfisca.lu\/index.php\/wp-json\/wp\/v2\/pages\/1533\/revisions\/1534"}],"wp:attachment":[{"href":"https:\/\/www.odfisca.lu\/index.php\/wp-json\/wp\/v2\/media?parent=1533"}],"curies":[{"name":"wp","href":"https:\/\/api.w.org\/{rel}","templated":true}]}}