{"id":1531,"date":"2024-05-24T16:42:34","date_gmt":"2024-05-24T14:42:34","guid":{"rendered":"http:\/\/testm.odfisca.lu\/?page_id=1531"},"modified":"2024-05-24T16:47:33","modified_gmt":"2024-05-24T14:47:33","slug":"comptabilite","status":"publish","type":"page","link":"https:\/\/www.odfisca.lu\/index.php\/comptabilite\/","title":{"rendered":"Comptabilit\u00e9"},"content":{"rendered":"\n<h6 class=\"wp-block-heading\">Pour ind\u00e9pendants, professions lib\u00e9rales et PME :<\/h6>\n\n\n\n<p>Nous pouvons g\u00e9rer votre dossier de A \u00e0 Z.<\/p>\n\n\n\n<p>Nous traitons l\u2019encodage de vos pi\u00e8ces comptables. Nous \u00e9tablissons vos d\u00e9clarations TVA mensuelles, trimestrielles ou annuelles.<\/p>\n\n\n\n<p>Nous vous conseillons sur la mani\u00e8re d&rsquo;optimaliser vos d\u00e9ductions fiscales et d\u00e9penses sp\u00e9ciales (r\u00e9gime RCPI, primes d&rsquo;assurances, primes vers\u00e9es en vertu d&rsquo;un contrat de pr\u00e9voyance-vieillesse, cotisations vers\u00e9es \u00e0 des caisses d&rsquo;\u00e9pargne-logement, etc.) et nous v\u00e9rifions si vous pouvez b\u00e9n\u00e9ficier de diverses bonifications d&rsquo;imp\u00f4t.<\/p>\n","protected":false},"excerpt":{"rendered":"<p>Pour ind\u00e9pendants, professions lib\u00e9rales et PME : Nous pouvons g\u00e9rer votre dossier de A \u00e0 Z. Nous traitons l\u2019encodage de vos pi\u00e8ces comptables. Nous \u00e9tablissons vos d\u00e9clarations TVA mensuelles, trimestrielles &#8230;<\/p>\n","protected":false},"author":1,"featured_media":0,"parent":0,"menu_order":0,"comment_status":"closed","ping_status":"closed","template":"","meta":{"footnotes":""},"class_list":["post-1531","page","type-page","status-publish","hentry"],"_links":{"self":[{"href":"https:\/\/www.odfisca.lu\/index.php\/wp-json\/wp\/v2\/pages\/1531","targetHints":{"allow":["GET"]}}],"collection":[{"href":"https:\/\/www.odfisca.lu\/index.php\/wp-json\/wp\/v2\/pages"}],"about":[{"href":"https:\/\/www.odfisca.lu\/index.php\/wp-json\/wp\/v2\/types\/page"}],"author":[{"embeddable":true,"href":"https:\/\/www.odfisca.lu\/index.php\/wp-json\/wp\/v2\/users\/1"}],"replies":[{"embeddable":true,"href":"https:\/\/www.odfisca.lu\/index.php\/wp-json\/wp\/v2\/comments?post=1531"}],"version-history":[{"count":2,"href":"https:\/\/www.odfisca.lu\/index.php\/wp-json\/wp\/v2\/pages\/1531\/revisions"}],"predecessor-version":[{"id":1541,"href":"https:\/\/www.odfisca.lu\/index.php\/wp-json\/wp\/v2\/pages\/1531\/revisions\/1541"}],"wp:attachment":[{"href":"https:\/\/www.odfisca.lu\/index.php\/wp-json\/wp\/v2\/media?parent=1531"}],"curies":[{"name":"wp","href":"https:\/\/api.w.org\/{rel}","templated":true}]}}